{"id":51,"date":"2022-03-16T14:55:00","date_gmt":"2022-03-16T13:55:00","guid":{"rendered":"https:\/\/www.laurenceott.fr\/portfolio\/?page_id=51"},"modified":"2022-03-16T17:29:41","modified_gmt":"2022-03-16T16:29:41","slug":"presentation","status":"publish","type":"page","link":"https:\/\/www.laurenceott.fr\/portfolio\/","title":{"rendered":"Pr\u00e9sentation"},"content":{"rendered":"<section id=\"pro\">\n<div id=\"exp\">\n<h3>Exp\u00e9riences<\/h3>\n<p>Analyste d\u00e9veloppeur sur diff\u00e9rentes technologies j&rsquo;ai travaill\u00e9 sur diff\u00e9rents environnements et langages de programmation tel que <em>Java\/JEE<\/em>, <em>PL\/SQL<\/em>, <em>Javascript<\/em>, <em>Nodes.js<\/em>, <em>Vue.js<\/em><\/p>\n<p>De l\u2019analyse aux tests, j&rsquo;ai pu appr\u00e9hender les diff\u00e9rentes \u00e9tapes du cycle en V mais aussi exp\u00e9rimenter les nouvelles m\u00e9thodes d&rsquo;agilit\u00e9 sur mes derniers projets.<br \/>\nCurieuse, volontaire, rigoureuse, m\u00e9thodique, mes diff\u00e9rentes missions m&rsquo;ont apport\u00e9 du recul et un bon esprit de synth\u00e8se.<br \/>\n<em>\u00c9coute, patience, p\u00e9dagogie <\/em> sont des qualit\u00e9s que j&rsquo;ai eu l\u2019occasion de mettre en pratique et de d\u00e9velopper lors d&rsquo;exp\u00e9riences dans le commerce et au sein d&rsquo;un service Help-Desk.<\/p>\n<p>Je saurai mettre l&rsquo;ensemble de ces comp\u00e9tences au profit de votre soci\u00e9t\u00e9.<\/p>\n<div id=\"ensavoirplus\"><a href=\"https:\/\/www.laurenceott.fr\/portfolio\/experiences-professionnelles\/\"> En savoir plus <\/a><\/div>\n<\/div>\n<div id=\"comp\">\n<h3>Comp\u00e9tences<\/h3>\n<p><img loading=\"lazy\" decoding=\"async\" class=\"competences\" src=\"https:\/\/www.laurenceott.fr\/portfolio\/wp-content\/uploads\/2021\/09\/competences_350b.jpg\" alt=\"competences\" width=\"300\" height=\"300\"><\/p>\n<div id=\"ensavoirplus\"><a href=\"https:\/\/www.laurenceott.fr\/portfolio\/competences\/\">En savoir plus<\/a><\/div>\n<\/div>\n<div id=\"form\">\n<h3>Formations<\/h3>\n<ul>\n<li>2022 (POEC) :<a href=\"https:\/\/www.laurenceott.fr\/portfolio\/formation-developpeur-full-stack-poec\/\"> D\u00e9veloppeur Full-Stack<\/a><\/li>\n<li>2007-2008 : D\u00e9veloppeur Informatique<\/li>\n<li>1999-2000 : Gestionnaire informatique<\/li>\n<li>1994 : Techniques de Commercialisation<\/li>\n<\/ul>\n<p class=\"center\"><strong>Anglais <\/strong>: courant &#8211; <strong>Allemand <\/strong>: interm\u00e9diaire &#8211; <strong>Espagnol <\/strong>: (Autodidacte)<\/p>\n<\/div>\n<div id=\"loisir\">\n<h3>Loisirs<\/h3>\n<ul>\n<li><a href=\"https:\/\/www.facebook.com\/LO-KAP-204096766465179\/?ref=hl\">Photographie a\u00e9rienne par cerf-volant<\/a><\/li>\n<li>Th\u00e9\u00e2tre<\/li>\n<li>Dance (Rock)<\/li>\n<li>Natation<\/li>\n<\/ul>\n<\/div>\n<\/section>\n<section id=\"extra\">\n<div id=\"real\">\n<h3>Auto formation<\/h3>\n<ul>\n<li>2019-2020 : PHP, Symfony, Angular, Bootstrap, NodeJS, Vue.js<\/li>\n<li>2015-2016 : <a href=\"https:\/\/www.laurenceott.fr\/portfolio\/autoformation-html5-et-css3\/\"><em>Html<\/em>,<em>Css<\/em><\/a>, <a href=\"https:\/\/www.laurenceott.fr\/portfolio\/autoformation-javascript\/\"><em>javascript<\/em><\/a>, <em>WordPress<\/em>, mailchimp<\/li>\n<\/ul>\n<\/div>\n<div id=\"npro\">\n<h3>R\u00e9alisations extra-professionnelles<\/h3>\n<ul>\n<li>Membre de la commission de communication de la SVVC (Spectacle vivant de la vall\u00e9e de Clisson) (2014-2017)<br \/>\nConception du <a href=\"https:\/\/www.laurenceott.fr\/portfolio\/site-svvc\/\">site<\/a> de l&rsquo;association et des <a href=\"https:\/\/www.laurenceott.fr\/portfolio\/realisation-de-supports-publicitaires\/\">affiches et flyers<\/a> pour les repr\u00e9sentations du \u00ab\u00a0Songe d&rsquo;une nuit d&rsquo;\u00e9t\u00e9\u00a0\u00bb<\/li>\n<li>Elue municipale (2008-2014) : <a href=\"https:\/\/www.laurenceott.fr\/portfolio\/prets-a-poster\/\">R\u00e9alisation d&rsquo;un visuel d&rsquo;un pr\u00eat \u00e0 poster<\/a> pour la commune de Monni\u00e8res(44)<\/li>\n<\/ul>\n<\/div>\n<\/section>\n","protected":false},"excerpt":{"rendered":"<p>Exp\u00e9riences Analyste d\u00e9veloppeur sur diff\u00e9rentes technologies j&rsquo;ai travaill\u00e9 sur diff\u00e9rents environnements et langages de programmation tel que Java\/JEE, PL\/SQL, Javascript, Nodes.js, Vue.js De l\u2019analyse aux tests, j&rsquo;ai pu appr\u00e9hender les diff\u00e9rentes \u00e9tapes du cycle en V mais aussi exp\u00e9rimenter les nouvelles m\u00e9thodes d&rsquo;agilit\u00e9 sur mes derniers projets. Curieuse, volontaire, rigoureuse, m\u00e9thodique, mes diff\u00e9rentes missions m&rsquo;ont [&hellip;]<\/p>\n","protected":false},"author":1,"featured_media":0,"parent":0,"menu_order":0,"comment_status":"closed","ping_status":"closed","template":"page-presentation.php","meta":{"footnotes":""},"_links":{"self":[{"href":"https:\/\/www.laurenceott.fr\/portfolio\/wp-json\/wp\/v2\/pages\/51"}],"collection":[{"href":"https:\/\/www.laurenceott.fr\/portfolio\/wp-json\/wp\/v2\/pages"}],"about":[{"href":"https:\/\/www.laurenceott.fr\/portfolio\/wp-json\/wp\/v2\/types\/page"}],"author":[{"embeddable":true,"href":"https:\/\/www.laurenceott.fr\/portfolio\/wp-json\/wp\/v2\/users\/1"}],"replies":[{"embeddable":true,"href":"https:\/\/www.laurenceott.fr\/portfolio\/wp-json\/wp\/v2\/comments?post=51"}],"version-history":[{"count":12,"href":"https:\/\/www.laurenceott.fr\/portfolio\/wp-json\/wp\/v2\/pages\/51\/revisions"}],"predecessor-version":[{"id":119,"href":"https:\/\/www.laurenceott.fr\/portfolio\/wp-json\/wp\/v2\/pages\/51\/revisions\/119"}],"wp:attachment":[{"href":"https:\/\/www.laurenceott.fr\/portfolio\/wp-json\/wp\/v2\/media?parent=51"}],"curies":[{"name":"wp","href":"https:\/\/api.w.org\/{rel}","templated":true}]}}