{"id":49,"date":"2021-09-06T12:42:05","date_gmt":"2021-09-06T10:42:05","guid":{"rendered":"https:\/\/www.laurenceott.fr\/portfolio\/?page_id=49"},"modified":"2021-09-06T14:02:00","modified_gmt":"2021-09-06T12:02:00","slug":"experiences-professionnelles","status":"publish","type":"page","link":"https:\/\/www.laurenceott.fr\/portfolio\/experiences-professionnelles\/","title":{"rendered":"Exp\u00e9riences professionnelles"},"content":{"rendered":"<div id=\"entreprise\">\n    <!-- entreprise Easilys--><\/p>\n<div id=\"nomEntreprise\">\n        <strong>Easilys<\/strong><\/p>\n<p>Juillet 2020<\/p>\n<p>Janvier 2021<\/p>\n<\/div>\n<div id=\"experience\">\n<ul>\n<li><strong>D\u00e9veloppeur Full-Stack<\/strong><\/li>\n<p>D\u00e9veloppement de nouvelles fonctionalit\u00e9s et maintenance applicative au sein d&rsquo;une \u00e9quipe de 4 d\u00e9veloppeurs et d&rsquo;un scrum master.<\/p>\n<ul>\n<li class=\"detail\"> Corrections de bugs (front et back)<\/li>\n<li class=\"detail\"> Creation de composants Vue.js<\/li>\n<li class=\"detail\"> Cr\u00e9ation de nouvelles API<\/li>\n<li class=\"detail\"> Cr\u00e9ation et modification de scripts SQL<\/li>\n<li class=\"detail\"><em> Environnement<\/em> : Vue.js, Node.js, postgresSQL<\/li>\n<li class=\"detail\"><em>Domaine fonctionnel<\/em> : gestion d&rsquo; appels d&rsquo;offre.<\/li>\n<\/ul>\n<\/ul>\n<\/div>\n<\/div>\n<div id=\"entreprise\">\n    <!-- entreprise Inside--><\/p>\n<div id=\"nomEntreprise\">\n        <strong>Inside Group<\/strong><\/p>\n<p>Septembre 2019<\/p>\n<p>Juin 2020<\/p>\n<\/div>\n<div id=\"experience\">\n<ul>\n<li><strong>D\u00e9veloppeur full-stack web junior<\/strong><\/li>\n<p>D\u00e9veloppement d&rsquo;outils dans le cadre de projets internes<\/p>\n<ul>\n<li class=\"detail\">Autoformation Angular<\/li>\n<li class=\"detail\">Autoformation Symfony<\/li>\n<li class=\"detail\">D\u00e9veloppement d&rsquo;une interface d&rsquo;administration d&rsquo;utilisateurs sous Symfony<\/li>\n<li class=\"detail\">D\u00e9veloppement d&rsquo;une interface de gestion de formulaire sous Angular<\/li>\n<li class=\"detail\"><em>Environnement : <\/em> PHP, Symfony, mySql, Postman, Angular, .Net, SQLServer<\/li>\n<li class=\"detail\"><em>Domaine fonctionnel: <\/em> S\u00e9rious game<\/li>\n<\/ul>\n<\/ul>\n<\/div>\n<\/div>\n<div id=\"entreprise\">\n    <!-- entreprise CELAD--><\/p>\n<div id=\"nomEntreprise\">\n        <strong>CELAD<\/strong><\/p>\n<p>Juin 2017<\/p>\n<p>Juillet 2019<\/p>\n<\/div>\n<div id=\"experience\">\n<ul>\n<li><strong>Analyste d\u00e9veloppeur PL\/SQL<\/strong><\/li>\n<p>Mission r\u00e9alis\u00e9e pour l&rsquo;entreprise Atlantic dans le cadre de la migration de son syst\u00e8me d&rsquo;information sur<br \/>\nSAP au sein d&rsquo;une \u00e9quipe de 5 personnes.<\/p>\n<ul>\n<li class=\"detail\">Reprise de donn\u00e9es du SI existant en vue de l\u2019int\u00e9gration dans SAP.<\/li>\n<li class=\"detail\">D\u00e9veloppement de scripts PL\/SQL et Shell.<\/li>\n<li class=\"detail\"><em>Environnement : <\/em> Oracle, TOAD, MobaXterm.<\/li>\n<li class=\"detail\"><em>Domaine fonctionnel : <\/em> Controling (CO), gestion de commandes.<\/li>\n<\/ul>\n<\/ul>\n<ul>\n<li><strong>Support fonctionnel &#8211; Juin 2017 &#8211; Octobre 2017 <\/strong><\/li>\n<p>Suivi de production : Surveillance du bon d\u00e9roulement des batchs et des services, analyse des incidents.<br \/>\nAssistance sur diff\u00e9rentes applications m\u00e9tier : gestion et r\u00e9solution des incidents, assistance aux<br \/>\nutilisateurs.<\/ul>\n<\/div>\n<\/div>\n<div id=\"entreprise\"> <!-- entreprise Steria--><\/p>\n<div id=\"nomEntreprise\">\n<strong>STERIA<\/strong><\/p>\n<p>Ao\u00fbt 2008<br \/>\nAvril 2015<\/p>\n<\/div>\n<div id=\"experience\">\n<ul>\n<li><strong>Analyste D\u00e9veloppeur JAVA &#8211; PL\/SQL <\/strong><\/li>\n<p>Mission de 2 ans pour la CNP au sein d&rsquo;une \u00e9quipe de 5 personnes<\/p>\n<ul>\n<li class=\"detail\">Chiffrage, analyse d&rsquo;impact<\/li>\n<li class=\"detail\">Maintenance et d\u00e9veloppement d \u00e9volutions d&rsquo;IHM (J2EE)<\/li>\n<li class=\"detail\">Maintenance et d\u00e9veloppement de services m\u00e9tiers (script PL\/SQL)<\/li>\n<li class=\"detail\"><em>Environnement : <\/em>Eclipse, Oracle, Clearcase, Tomcat, Putty<\/li>\n<li class=\"detail\"><em>Domaine fonctionnel : <\/em>Epargne retraite<\/li>\n<\/ul>\n<\/ul>\n<ul>\n<li><strong>Analyste D\u00e9veloppeur JAVA &#8211; Juin 2010 &#8211; Mai 2012<\/strong><\/li>\n<p>Travail sur le projet de refonte de l\u2019outil de gestion des offres d\u2019emploi.<br \/>\nAnalyse et mod\u00e9lisation des donn\u00e9es, d\u00e9veloppement d\u2019IHM et de service WEB,<br \/>\noptimisation de code (revue de code, application des r\u00e8gles de codage client), tests unitaires et fonctionnels (conception et r\u00e9alisation).<\/p>\n<ul>\n<li class=\"detail\"><em> Environnement : <\/em> Java, J2EE,  Jspf, JavaScript, CSS, Framework Acropole MV4, Weblogic, SVN, Maven, Eclipse, Oracle, Toad, SQL developer, JUnit, XML<\/li>\n<li class=\"detail\"><em> Domaine fonctionnel : <\/em> Application de gestion d\u2019offres d&#8217;emploi<\/li>\n<\/ul>\n<\/ul>\n<ul>\n<li><strong>D\u00e9veloppeur COBOL &#8211; Ao\u00fbt 2008 &#8211; Juin 2010<\/strong><\/li>\n<p>Int\u00e9gration d\u2019un syst\u00e8me de gestion de remboursement de soins m\u00e9dicaux pour un organisme de mutuelle.<br \/>\nAnalyse technique, d\u00e9veloppement, tests unitaires.<\/p>\n<ul>\n<li class=\"detail\"><em>Environnement : <\/em> Eclipse, Oracle, SQL Developer, UNIX, SVN<\/li>\n<li class=\"detail\"><em>Domaine fonctionnel : <\/em> Mutuelle sant\u00e9<\/li>\n<\/ul>\n<\/ul>\n<\/div>\n<p><!-- Fin exp\u00e9rience--><\/p>\n<\/div>\n<p><!-- FIN Steria--><\/p>\n<div id=\"entreprise\"> <!-- entreprise SIGAL--><\/p>\n<div id=\"nomEntreprise\">\n<strong>SIGAL<\/strong><\/p>\n<p>Avril 2008<br \/>\nJuin 2008<\/p>\n<\/div>\n<div id=\"experience\">\n<ul>\n<li><strong>Analyste D\u00e9veloppeur PHP<\/strong><\/li>\n<p>Conception et d\u00e9veloppement d&rsquo;un outil de traduction de fichiers Edifact permettant l&rsquo;int\u00e9gration des informations dans le syst\u00e8me existant.<br \/>\nAnalyse du cahier des charges, analyse fonctionnelle, mod\u00e9lisation des donn\u00e9es, analyse technique et d\u00e9veloppement de l\u2019outil.<\/p>\n<ul>\n<li class=\"detail\"><em>Environnement : <\/em>PHP, Eclipse, MySQL<\/li>\n<li class=\"detail\"><em> Domaine fonctionnel : <\/em> Application de gestion et centralisation de commandes de produits mobiliers.<\/li>\n<\/ul>\n<\/ul>\n<\/div>\n<\/div>\n<div id=\"entreprise\"> <!-- entreprise Bull - Osiatis --><\/p>\n<div id=\"nomEntreprise\">\n<p><strong>OSIATIS<\/strong><\/p>\n<p>Novembre 2000<\/p>\n<p>Octobre 2007<\/p>\n<\/div>\n<div id=\"experience\">\n<ul>\n<li>Technicienne Hotline<\/li>\n<p>Assistance utilisateur, gestion de parc (r\u00e9seau, suite office, applications client) pour la<br \/>\nSNCF (DSIV Nantes).<br \/>\nD\u00e9veloppement d&rsquo;outils internes pour le service.<\/p>\n<ul>\n<li class=\"detail\"><em>Environnement : <\/em> VBA, PHP, suite Office 2000, Windows NT, Windows 2000<\/li>\n<\/ul>\n<\/ul>\n<\/div>\n<\/div>\n<div id=\"entreprise\"> <!-- entreprise ENI--><\/p>\n<div id=\"nomEntreprise\">\n<strong>ENI<\/strong><\/p>\n<p>D\u00e9cembre 1999<br \/>\nJuin 2000<\/p>\n<\/div>\n<div id=\"experience\">\n<ul>\n<li><strong>Testeur<\/strong><\/li>\n<p>Test des produits d\u2019autoformation sur la suite Office.<\/p>\n<ul>\n<li class=\"detail\"><em>Environnement : <\/em> Windows NT, Windows 2000, suite Office 2000, GOST<\/li>\n<\/ul>\n<\/ul>\n<\/div>\n<\/div>\n<div id=\"entreprise\"> <!-- entreprise Image--><\/p>\n<div id=\"nomEntreprise\">\n<strong>L\u2019IMAGE<\/strong><\/p>\n<p>Ao\u00fbt 1994<\/p>\n<p>Juillet 1998<\/p>\n<\/div>\n<div id=\"experience\">\n<ul>\n<li><strong>Responsable magasin<\/strong><\/li>\n<p>Gestion des achats, vente, mise en place du magasin, conseils en encadrement,<br \/>\ncr\u00e9ations, mise en place de la vitrine, agencement du magasin.<\/ul>\n<\/div>\n<\/div>\n","protected":false},"excerpt":{"rendered":"<p>Easilys Juillet 2020 Janvier 2021 D\u00e9veloppeur Full-Stack D\u00e9veloppement de nouvelles fonctionalit\u00e9s et maintenance applicative au sein d&rsquo;une \u00e9quipe de 4 d\u00e9veloppeurs et d&rsquo;un scrum master. Corrections de bugs (front et back) Creation de composants Vue.js Cr\u00e9ation de nouvelles API Cr\u00e9ation et modification de scripts SQL Environnement : Vue.js, Node.js, postgresSQL Domaine fonctionnel : gestion d&rsquo; [&hellip;]<\/p>\n","protected":false},"author":1,"featured_media":0,"parent":0,"menu_order":0,"comment_status":"closed","ping_status":"closed","template":"page-full-width.php","meta":{"footnotes":""},"_links":{"self":[{"href":"https:\/\/www.laurenceott.fr\/portfolio\/wp-json\/wp\/v2\/pages\/49"}],"collection":[{"href":"https:\/\/www.laurenceott.fr\/portfolio\/wp-json\/wp\/v2\/pages"}],"about":[{"href":"https:\/\/www.laurenceott.fr\/portfolio\/wp-json\/wp\/v2\/types\/page"}],"author":[{"embeddable":true,"href":"https:\/\/www.laurenceott.fr\/portfolio\/wp-json\/wp\/v2\/users\/1"}],"replies":[{"embeddable":true,"href":"https:\/\/www.laurenceott.fr\/portfolio\/wp-json\/wp\/v2\/comments?post=49"}],"version-history":[{"count":15,"href":"https:\/\/www.laurenceott.fr\/portfolio\/wp-json\/wp\/v2\/pages\/49\/revisions"}],"predecessor-version":[{"id":78,"href":"https:\/\/www.laurenceott.fr\/portfolio\/wp-json\/wp\/v2\/pages\/49\/revisions\/78"}],"wp:attachment":[{"href":"https:\/\/www.laurenceott.fr\/portfolio\/wp-json\/wp\/v2\/media?parent=49"}],"curies":[{"name":"wp","href":"https:\/\/api.w.org\/{rel}","templated":true}]}}