{"id":47,"date":"2022-03-16T15:22:55","date_gmt":"2022-03-16T14:22:55","guid":{"rendered":"https:\/\/www.laurenceott.fr\/portfolio\/?page_id=47"},"modified":"2022-03-16T17:33:07","modified_gmt":"2022-03-16T16:33:07","slug":"competences","status":"publish","type":"page","link":"https:\/\/www.laurenceott.fr\/portfolio\/competences\/","title":{"rendered":"Comp\u00e9tences"},"content":{"rendered":"<h2>INFORMATIQUE<\/h2>\n<ul>\n<li><strong>Langages de programmation :<\/strong><br \/>\nJavaScript, HTML, CSS, PHP, SQL, PL\/SQL,<br \/>\nJava, J2EE, JSPF, JSF,<br \/>\ndot.net, VB6, VBA, VbScript, Script Shell<\/li>\n<li><strong>Framework : <\/strong><br \/>\nSpring Boot, JUnit, Express (Node.js)<br \/>\nVue.js, Angular, Bootstrap<\/li>\n<li><strong>Outils de d\u00e9veloppement : <\/strong><br \/>\nVisual Studio Express, Eclipse, Oracle SQL Developer, TOAD.<\/li>\n<li><strong>SGDB : <\/strong> Oracle, MySQL, Access, PostgreSql(notions)<\/li>\n<li><strong>Serveur d\u2019application : <\/strong>WebLogic, Tomcat, WAMP<\/li>\n<li><strong>Syst\u00e8me d\u2019exploitation :<\/strong> Windows, UNIX, LINUX<\/li>\n<li><strong>Gestion de configuration :<\/strong> GIT, SVN Tortoise, Clearcase<\/li>\n<li><strong>Traitement d\u2019image :<\/strong> Photoshop, Lightroom<\/li>\n<li><strong>CMS :<\/strong> WordPress (Gestion, Administration, Th\u00e8mes)<\/li>\n<li><strong>Et aussi :<\/strong><br \/>\nSuite Office, GitHub, QC, Mantis, Sonard, Putty, phpMyAdmin, Firebug<\/li>\n<\/ul>\n<h2>COMPETENCES TECHNIQUES ET FONCTIONNELLES<\/h2>\n<ul>\n<li><strong>Analyse<\/strong><br \/>\nAnalyse des besoins et r\u00e9daction de cahiers des charges<br \/>\nR\u00e9daction de sp\u00e9cifications techniques \u00e0 partir d\u2019analyses fonctionnelles ou cahiers des charges<br \/>\nAnalyse des incidents et mise en place de correctifs<\/li>\n<li><strong>D\u00e9veloppement<\/strong><br \/>\nMaintenance et d\u00e9veloppement de modules front sous Vue.js et Angular<br \/>\nMaintenance et d\u00e9veloppement de modules sous Symfony<br \/>\nD\u00e9veloppement de requ\u00eates et proc\u00e9dures stock\u00e9es sous PL\/SQL<br \/>\nMaintenance et d\u00e9veloppement d\u2019IHM sous Java<br \/>\nMaintenance et d\u00e9veloppement de services<br \/>\nSuivi des bonnes pratiques et optimisation du code<\/li>\n<li><strong>Tests :<\/strong> Mise en place et passage de plans de test unitaires et int\u00e9gration<\/li>\n<li><strong>Assistance utilisateur<\/strong><br \/>\nSuivi de production, r\u00e9solution d\u2019incident, formation<br \/>\nAssistance incidents bureautiques, mat\u00e9riel r\u00e9seau<\/li>\n<li><strong>Gestion : <\/strong>Gestion des achats et des stocks<\/li>\n<li><strong>Vente :<\/strong> Vente et conseils aupr\u00e8s des particuliers<\/li>\n<li><strong>Domaines fonctionnels :<\/strong> Appels d&rsquo;offres, mercuriales, gestion tarifaires, gestion relation client, Banque-Epargne retraite, Emploi (P\u00f4le Emploi),<br \/>\nAssurance sant\u00e9, Cr\u00e9dit \u00e0 la consommation<\/li>\n<\/ul>\n<h2>AUTO-FORMATIONS<\/h2>\n<ul>\n<li>Cr\u00e9er une API Rest de A \u00e0 Z &#8211; Udemy &#8211;  F\u00e9vrier 2021<\/li>\n<li>Des applications ultra-rapides avec Node.js &#8211; OpenClassrooms &#8211; F\u00e9vrier 2020<\/li>\n<li>Prenez en main Bootstrap &#8211; OpenClassrooms &#8211; F\u00e9vrier 2020<\/li>\n<li>G\u00e9rer votre code avec Git et GitHub &#8211; OpenClassrooms &#8211; F\u00e9vrier 2020<\/li>\n<li>D\u00e9veloppez des applications Web avec Angular &#8211;  OpenClassrooms &#8211; D\u00e9cembre 2019<\/li>\n<li>Initiez-vous \u00e0 la gestion de projet agile &#8211; OpenClassrooms -Juillet 2019<\/li>\n<li>D\u00e9coupez et int\u00e9grez une maquette  &#8211; OpenClassrooms &#8211; Novembre 2016<\/li>\n<li>Maquettez votre site responsive avec Photoshop  &#8211; OpenClassrooms &#8211; Novembre 2016<\/li>\n<li>Cr\u00e9ez votre premier site avec WordPress &#8211; OpenClassrooms &#8211; Juin 2016<\/li>\n<li>Apprenez \u00e0 coder avec JavaScript &#8211; OpenClassrooms &#8211; Mai 2016<\/li>\n<li>Apprenez \u00e0 cr\u00e9er votre site web avec HTML5 et CSS3 &#8211; OpenClassrooms &#8211; Avril 2016<\/li>\n<\/ul>\n<h2>FORMATIONS<\/h2>\n<ul>\n<li>2022 (POEC) :<a href=\"https:\/\/www.laurenceott.fr\/portfolio\/formation-developpeur-full-stack-poec\/\"> D\u00e9veloppeur Full-Stack<\/a> &#8211; 3 mois &#8211; Diginamic &#8211; Nantes<\/li>\n<li>2013 : \u00ab Optimisation des applications avec ORACLE \u00bb &#8211; 1 semaine &#8211;<br \/>\nIB-FORMATION &#8211; Nantes<\/li>\n<li>2012 : \u00ab Maitriser UNIX \u00bb &#8211; 1 semaine &#8211; ORSYS \u2013 Nantes.<\/li>\n<li>Octobre 2007 \u2013Juin 2008 : \u00ab D\u00e9veloppeur Informatique \u00bb homologu\u00e9<br \/>\nniveau III (Bac +2) \u2013 9 mois \u2013 ENI &#8211; Nantes<\/li>\n<li>2006 : \u00ab Initiation \u00e0 PHP \u00bb &#8211; 1 semaine \u2013 ENI &#8211; Nantes<\/li>\n<li>1999 : Formation \u00ab Gestionnaire informatique \u00bb &#8211; 6 mois \u2013 ENI &#8211; Nantes<\/li>\n<li>1994 : Dipl\u00f4me Universitaire de Technologie, Techniques de<br \/>\nCommercialisation (IUT Strasbourg Sud)<\/li>\n<\/ul>\n","protected":false},"excerpt":{"rendered":"<p>INFORMATIQUE Langages de programmation : JavaScript, HTML, CSS, PHP, SQL, PL\/SQL, Java, J2EE, JSPF, JSF, dot.net, VB6, VBA, VbScript, Script Shell Framework : Spring Boot, JUnit, Express (Node.js) Vue.js, Angular, Bootstrap Outils de d\u00e9veloppement : Visual Studio Express, Eclipse, Oracle SQL Developer, TOAD. SGDB : Oracle, MySQL, Access, PostgreSql(notions) Serveur d\u2019application : WebLogic, Tomcat, WAMP [&hellip;]<\/p>\n","protected":false},"author":1,"featured_media":0,"parent":0,"menu_order":0,"comment_status":"closed","ping_status":"closed","template":"page-full-width.php","meta":{"footnotes":""},"_links":{"self":[{"href":"https:\/\/www.laurenceott.fr\/portfolio\/wp-json\/wp\/v2\/pages\/47"}],"collection":[{"href":"https:\/\/www.laurenceott.fr\/portfolio\/wp-json\/wp\/v2\/pages"}],"about":[{"href":"https:\/\/www.laurenceott.fr\/portfolio\/wp-json\/wp\/v2\/types\/page"}],"author":[{"embeddable":true,"href":"https:\/\/www.laurenceott.fr\/portfolio\/wp-json\/wp\/v2\/users\/1"}],"replies":[{"embeddable":true,"href":"https:\/\/www.laurenceott.fr\/portfolio\/wp-json\/wp\/v2\/comments?post=47"}],"version-history":[{"count":5,"href":"https:\/\/www.laurenceott.fr\/portfolio\/wp-json\/wp\/v2\/pages\/47\/revisions"}],"predecessor-version":[{"id":121,"href":"https:\/\/www.laurenceott.fr\/portfolio\/wp-json\/wp\/v2\/pages\/47\/revisions\/121"}],"wp:attachment":[{"href":"https:\/\/www.laurenceott.fr\/portfolio\/wp-json\/wp\/v2\/media?parent=47"}],"curies":[{"name":"wp","href":"https:\/\/api.w.org\/{rel}","templated":true}]}}